{"id":185,"date":"2021-06-16T14:18:20","date_gmt":"2021-06-16T12:18:20","guid":{"rendered":"https:\/\/fassipremium.be\/?page_id=185"},"modified":"2022-07-14T09:54:23","modified_gmt":"2022-07-14T07:54:23","slug":"a-propos","status":"publish","type":"page","link":"https:\/\/fassipremium.be\/?page_id=185","title":{"rendered":"\u00c0 propos"},"content":{"rendered":"\t\t<div data-elementor-type=\"wp-page\" data-elementor-id=\"185\" class=\"elementor elementor-185\">\n\t\t\t\t\t\t<div class=\"elementor-inner\">\n\t\t\t\t<div class=\"elementor-section-wrap\">\n\t\t\t\t\t\t\t\t\t<section class=\"elementor-section elementor-top-section elementor-element elementor-element-27b5dda elementor-section-boxed elementor-section-height-default elementor-section-height-default\" data-id=\"27b5dda\" data-element_type=\"section\">\n\t\t\t\t\t\t<div class=\"elementor-container elementor-column-gap-default\">\n\t\t\t\t\t\t\t<div class=\"elementor-row\">\n\t\t\t\t\t<div class=\"elementor-column elementor-col-100 elementor-top-column elementor-element elementor-element-93a6f8c\" data-id=\"93a6f8c\" data-element_type=\"column\">\n\t\t\t<div class=\"elementor-column-wrap elementor-element-populated\">\n\t\t\t\t\t\t\t<div class=\"elementor-widget-wrap\">\n\t\t\t\t\t\t<div class=\"elementor-element elementor-element-7f96648a elementor-widget elementor-widget-heading\" data-id=\"7f96648a\" data-element_type=\"widget\" data-widget_type=\"heading.default\">\n\t\t\t\t<div class=\"elementor-widget-container\">\n\t\t\t<h2 class=\"elementor-heading-title elementor-size-default\">Votre fournisseur de qualit\u00e9 certifi\u00e9 Halal !<\/h2>\t\t<\/div>\n\t\t\t\t<\/div>\n\t\t\t\t\t\t<\/div>\n\t\t\t\t\t<\/div>\n\t\t<\/div>\n\t\t\t\t\t\t\t\t<\/div>\n\t\t\t\t\t<\/div>\n\t\t<\/section>\n\t\t\t\t<section class=\"elementor-section elementor-top-section elementor-element elementor-element-6b45e506 elementor-section-content-middle elementor-section-boxed elementor-section-height-default elementor-section-height-default\" data-id=\"6b45e506\" data-element_type=\"section\">\n\t\t\t\t\t\t<div class=\"elementor-container elementor-column-gap-default\">\n\t\t\t\t\t\t\t<div class=\"elementor-row\">\n\t\t\t\t\t<div class=\"elementor-column elementor-col-50 elementor-top-column elementor-element elementor-element-15a30cc4\" data-id=\"15a30cc4\" data-element_type=\"column\" data-settings=\"{&quot;background_background&quot;:&quot;classic&quot;}\">\n\t\t\t<div class=\"elementor-column-wrap elementor-element-populated\">\n\t\t\t\t\t\t\t<div class=\"elementor-widget-wrap\">\n\t\t\t\t\t\t<div class=\"elementor-element elementor-element-89ca3a0 elementor-widget elementor-widget-image\" data-id=\"89ca3a0\" data-element_type=\"widget\" data-widget_type=\"image.default\">\n\t\t\t\t<div class=\"elementor-widget-container\">\n\t\t\t\t\t\t\t\t<div class=\"elementor-image\">\n\t\t\t\t\t\t\t\t\t\t\t\t<img width=\"754\" height=\"1024\" src=\"https:\/\/fassipremium.be\/wp-content\/uploads\/2022\/07\/fassi-754x1024.jpg\" class=\"attachment-large size-large\" alt=\"\" loading=\"lazy\" srcset=\"https:\/\/fassipremium.be\/wp-content\/uploads\/2022\/07\/fassi-754x1024.jpg 754w, https:\/\/fassipremium.be\/wp-content\/uploads\/2022\/07\/fassi-221x300.jpg 221w, https:\/\/fassipremium.be\/wp-content\/uploads\/2022\/07\/fassi-768x1044.jpg 768w, https:\/\/fassipremium.be\/wp-content\/uploads\/2022\/07\/fassi-600x815.jpg 600w, https:\/\/fassipremium.be\/wp-content\/uploads\/2022\/07\/fassi.jpg 800w\" sizes=\"(max-width: 754px) 100vw, 754px\" \/>\t\t\t\t\t\t\t\t\t\t\t\t\t\t<\/div>\n\t\t\t\t\t\t<\/div>\n\t\t\t\t<\/div>\n\t\t\t\t\t\t<\/div>\n\t\t\t\t\t<\/div>\n\t\t<\/div>\n\t\t\t\t<div class=\"elementor-column elementor-col-50 elementor-top-column elementor-element elementor-element-137d1c06\" data-id=\"137d1c06\" data-element_type=\"column\">\n\t\t\t<div class=\"elementor-column-wrap elementor-element-populated\">\n\t\t\t\t\t\t\t<div class=\"elementor-widget-wrap\">\n\t\t\t\t\t\t<section class=\"elementor-section elementor-inner-section elementor-element elementor-element-190f779b elementor-section-boxed elementor-section-height-default elementor-section-height-default\" data-id=\"190f779b\" data-element_type=\"section\">\n\t\t\t\t\t\t<div class=\"elementor-container elementor-column-gap-default\">\n\t\t\t\t\t\t\t<div class=\"elementor-row\">\n\t\t\t\t\t<div class=\"elementor-column elementor-col-100 elementor-inner-column elementor-element elementor-element-66eaf066\" data-id=\"66eaf066\" data-element_type=\"column\">\n\t\t\t<div class=\"elementor-column-wrap elementor-element-populated\">\n\t\t\t\t\t\t\t<div class=\"elementor-widget-wrap\">\n\t\t\t\t\t\t<div class=\"elementor-element elementor-element-145ed37 elementor-widget elementor-widget-text-editor\" data-id=\"145ed37\" data-element_type=\"widget\" data-widget_type=\"text-editor.default\">\n\t\t\t\t<div class=\"elementor-widget-container\">\n\t\t\t\t\t\t\t\t<div class=\"elementor-text-editor elementor-clearfix\">\n\t\t\t\t<p>Depuis plus de 23 ans, le m\u00e9tier de charcutier est avant tout une passion. Au fil des ann\u00e9es Fassi Premium a su perfectionner son savoir-faire au profit d&rsquo;une client\u00e8le constamment en demande de produits de qualit\u00e9.<\/p>\n<p>Parce que notre force est notre passion, nous vous garantissons le meilleur service dans ce secteur.<\/p>\t\t\t\t\t<\/div>\n\t\t\t\t\t\t<\/div>\n\t\t\t\t<\/div>\n\t\t\t\t\t\t<\/div>\n\t\t\t\t\t<\/div>\n\t\t<\/div>\n\t\t\t\t\t\t\t\t<\/div>\n\t\t\t\t\t<\/div>\n\t\t<\/section>\n\t\t\t\t<section class=\"elementor-section elementor-inner-section elementor-element elementor-element-33cda9be elementor-section-boxed elementor-section-height-default elementor-section-height-default\" data-id=\"33cda9be\" data-element_type=\"section\">\n\t\t\t\t\t\t<div class=\"elementor-container elementor-column-gap-default\">\n\t\t\t\t\t\t\t<div class=\"elementor-row\">\n\t\t\t\t\t<div class=\"elementor-column elementor-col-100 elementor-inner-column elementor-element elementor-element-46fb4089\" data-id=\"46fb4089\" data-element_type=\"column\">\n\t\t\t<div class=\"elementor-column-wrap elementor-element-populated\">\n\t\t\t\t\t\t\t<div class=\"elementor-widget-wrap\">\n\t\t\t\t\t\t<div class=\"elementor-element elementor-element-2f48e7c4 elementor-widget elementor-widget-text-editor\" data-id=\"2f48e7c4\" data-element_type=\"widget\" data-widget_type=\"text-editor.default\">\n\t\t\t\t<div class=\"elementor-widget-container\">\n\t\t\t\t\t\t\t\t<div class=\"elementor-text-editor elementor-clearfix\">\n\t\t\t\t<p>Dipl\u00f4m\u00e9 de l&rsquo;\u00e9cole de boucherie belge, El Fassi Nourradine, le patron de Fassi Premium, a b\u00e2ti son entreprise avec un seul objectif : Bousculer le monde de la charcuterie.<\/p>\n<p>C&rsquo;est avec beaucoup de force et de d\u00e9termination que ce petit artisan a gravi les \u00e9chelons d&rsquo;un march\u00e9 tr\u00e8s concurrentiel.<\/p>\t\t\t\t\t<\/div>\n\t\t\t\t\t\t<\/div>\n\t\t\t\t<\/div>\n\t\t\t\t\t\t<\/div>\n\t\t\t\t\t<\/div>\n\t\t<\/div>\n\t\t\t\t\t\t\t\t<\/div>\n\t\t\t\t\t<\/div>\n\t\t<\/section>\n\t\t\t\t<div class=\"elementor-element elementor-element-d156524 elementor-widget elementor-widget-image\" data-id=\"d156524\" data-element_type=\"widget\" data-widget_type=\"image.default\">\n\t\t\t\t<div class=\"elementor-widget-container\">\n\t\t\t\t\t\t\t\t<div class=\"elementor-image\">\n\t\t\t\t\t\t\t\t\t\t\t\t<img width=\"700\" height=\"506\" src=\"https:\/\/fassipremium.be\/wp-content\/uploads\/2021\/06\/Halal-logo.png\" class=\"attachment-full size-full\" alt=\"\" loading=\"lazy\" srcset=\"https:\/\/fassipremium.be\/wp-content\/uploads\/2021\/06\/Halal-logo.png 700w, https:\/\/fassipremium.be\/wp-content\/uploads\/2021\/06\/Halal-logo-300x217.png 300w, https:\/\/fassipremium.be\/wp-content\/uploads\/2021\/06\/Halal-logo-600x434.png 600w\" sizes=\"(max-width: 700px) 100vw, 700px\" \/>\t\t\t\t\t\t\t\t\t\t\t\t\t\t<\/div>\n\t\t\t\t\t\t<\/div>\n\t\t\t\t<\/div>\n\t\t\t\t\t\t<\/div>\n\t\t\t\t\t<\/div>\n\t\t<\/div>\n\t\t\t\t\t\t\t\t<\/div>\n\t\t\t\t\t<\/div>\n\t\t<\/section>\n\t\t\t\t<section class=\"elementor-section elementor-top-section elementor-element elementor-element-81e1a7c elementor-section-boxed elementor-section-height-default elementor-section-height-default\" data-id=\"81e1a7c\" data-element_type=\"section\">\n\t\t\t\t\t\t<div class=\"elementor-container elementor-column-gap-default\">\n\t\t\t\t\t\t\t<div class=\"elementor-row\">\n\t\t\t\t\t<div class=\"elementor-column elementor-col-100 elementor-top-column elementor-element elementor-element-501f06c\" data-id=\"501f06c\" data-element_type=\"column\">\n\t\t\t<div class=\"elementor-column-wrap elementor-element-populated\">\n\t\t\t\t\t\t\t<div class=\"elementor-widget-wrap\">\n\t\t\t\t\t\t<div class=\"elementor-element elementor-element-909af08 elementor-widget elementor-widget-heading\" data-id=\"909af08\" data-element_type=\"widget\" data-widget_type=\"heading.default\">\n\t\t\t\t<div class=\"elementor-widget-container\">\n\t\t\t<h2 class=\"elementor-heading-title elementor-size-default\">Nos partenaires<\/h2>\t\t<\/div>\n\t\t\t\t<\/div>\n\t\t\t\t<section class=\"elementor-section elementor-inner-section elementor-element elementor-element-ea47f6f elementor-section-content-middle elementor-section-boxed elementor-section-height-default elementor-section-height-default\" data-id=\"ea47f6f\" data-element_type=\"section\" data-settings=\"{&quot;background_background&quot;:&quot;classic&quot;}\">\n\t\t\t\t\t\t<div class=\"elementor-container elementor-column-gap-default\">\n\t\t\t\t\t\t\t<div class=\"elementor-row\">\n\t\t\t\t\t<div class=\"elementor-column elementor-col-16 elementor-inner-column elementor-element elementor-element-daea53c\" data-id=\"daea53c\" data-element_type=\"column\">\n\t\t\t<div class=\"elementor-column-wrap elementor-element-populated\">\n\t\t\t\t\t\t\t<div class=\"elementor-widget-wrap\">\n\t\t\t\t\t\t<div class=\"elementor-element elementor-element-dca00dd elementor-widget elementor-widget-image\" data-id=\"dca00dd\" data-element_type=\"widget\" data-widget_type=\"image.default\">\n\t\t\t\t<div class=\"elementor-widget-container\">\n\t\t\t\t\t\t\t\t<div class=\"elementor-image\">\n\t\t\t\t\t\t\t\t\t\t\t\t<img width=\"800\" height=\"239\" src=\"https:\/\/fassipremium.be\/wp-content\/uploads\/2021\/06\/logo_idhalal.png\" class=\"attachment-large size-large\" alt=\"\" loading=\"lazy\" srcset=\"https:\/\/fassipremium.be\/wp-content\/uploads\/2021\/06\/logo_idhalal.png 1024w, https:\/\/fassipremium.be\/wp-content\/uploads\/2021\/06\/logo_idhalal-300x90.png 300w, https:\/\/fassipremium.be\/wp-content\/uploads\/2021\/06\/logo_idhalal-768x230.png 768w, https:\/\/fassipremium.be\/wp-content\/uploads\/2021\/06\/logo_idhalal-600x179.png 600w\" sizes=\"(max-width: 800px) 100vw, 800px\" \/>\t\t\t\t\t\t\t\t\t\t\t\t\t\t<\/div>\n\t\t\t\t\t\t<\/div>\n\t\t\t\t<\/div>\n\t\t\t\t\t\t<\/div>\n\t\t\t\t\t<\/div>\n\t\t<\/div>\n\t\t\t\t<div class=\"elementor-column elementor-col-16 elementor-inner-column elementor-element elementor-element-c110558\" data-id=\"c110558\" data-element_type=\"column\">\n\t\t\t<div class=\"elementor-column-wrap elementor-element-populated\">\n\t\t\t\t\t\t\t<div class=\"elementor-widget-wrap\">\n\t\t\t\t\t\t<div class=\"elementor-element elementor-element-c65bcbb elementor-widget elementor-widget-image\" data-id=\"c65bcbb\" data-element_type=\"widget\" data-widget_type=\"image.default\">\n\t\t\t\t<div class=\"elementor-widget-container\">\n\t\t\t\t\t\t\t\t<div class=\"elementor-image\">\n\t\t\t\t\t\t\t\t\t\t\t\t<img width=\"800\" height=\"239\" src=\"https:\/\/fassipremium.be\/wp-content\/uploads\/2021\/06\/1f82a247fa561225a00ca95a3dca6d6b.png\" class=\"attachment-large size-large\" alt=\"\" loading=\"lazy\" srcset=\"https:\/\/fassipremium.be\/wp-content\/uploads\/2021\/06\/1f82a247fa561225a00ca95a3dca6d6b.png 1024w, https:\/\/fassipremium.be\/wp-content\/uploads\/2021\/06\/1f82a247fa561225a00ca95a3dca6d6b-300x90.png 300w, https:\/\/fassipremium.be\/wp-content\/uploads\/2021\/06\/1f82a247fa561225a00ca95a3dca6d6b-768x230.png 768w, https:\/\/fassipremium.be\/wp-content\/uploads\/2021\/06\/1f82a247fa561225a00ca95a3dca6d6b-600x179.png 600w\" sizes=\"(max-width: 800px) 100vw, 800px\" \/>\t\t\t\t\t\t\t\t\t\t\t\t\t\t<\/div>\n\t\t\t\t\t\t<\/div>\n\t\t\t\t<\/div>\n\t\t\t\t\t\t<\/div>\n\t\t\t\t\t<\/div>\n\t\t<\/div>\n\t\t\t\t<div class=\"elementor-column elementor-col-16 elementor-inner-column elementor-element elementor-element-0d931a1\" data-id=\"0d931a1\" data-element_type=\"column\">\n\t\t\t<div class=\"elementor-column-wrap elementor-element-populated\">\n\t\t\t\t\t\t\t<div class=\"elementor-widget-wrap\">\n\t\t\t\t\t\t<div class=\"elementor-element elementor-element-bbeb5ce elementor-widget elementor-widget-image\" data-id=\"bbeb5ce\" data-element_type=\"widget\" data-widget_type=\"image.default\">\n\t\t\t\t<div class=\"elementor-widget-container\">\n\t\t\t\t\t\t\t\t<div class=\"elementor-image\">\n\t\t\t\t\t\t\t\t\t\t\t\t<img width=\"800\" height=\"239\" src=\"https:\/\/fassipremium.be\/wp-content\/uploads\/2021\/06\/logo-slide-1.png\" class=\"attachment-large size-large\" alt=\"\" loading=\"lazy\" srcset=\"https:\/\/fassipremium.be\/wp-content\/uploads\/2021\/06\/logo-slide-1.png 1024w, https:\/\/fassipremium.be\/wp-content\/uploads\/2021\/06\/logo-slide-1-300x90.png 300w, https:\/\/fassipremium.be\/wp-content\/uploads\/2021\/06\/logo-slide-1-768x230.png 768w, https:\/\/fassipremium.be\/wp-content\/uploads\/2021\/06\/logo-slide-1-600x179.png 600w\" sizes=\"(max-width: 800px) 100vw, 800px\" \/>\t\t\t\t\t\t\t\t\t\t\t\t\t\t<\/div>\n\t\t\t\t\t\t<\/div>\n\t\t\t\t<\/div>\n\t\t\t\t\t\t<\/div>\n\t\t\t\t\t<\/div>\n\t\t<\/div>\n\t\t\t\t<div class=\"elementor-column elementor-col-16 elementor-inner-column elementor-element elementor-element-e568e0a\" data-id=\"e568e0a\" data-element_type=\"column\">\n\t\t\t<div class=\"elementor-column-wrap elementor-element-populated\">\n\t\t\t\t\t\t\t<div class=\"elementor-widget-wrap\">\n\t\t\t\t\t\t<div class=\"elementor-element elementor-element-e734d57 elementor-widget elementor-widget-image\" data-id=\"e734d57\" data-element_type=\"widget\" data-widget_type=\"image.default\">\n\t\t\t\t<div class=\"elementor-widget-container\">\n\t\t\t\t\t\t\t\t<div class=\"elementor-image\">\n\t\t\t\t\t\t\t\t\t\t\t\t<img width=\"800\" height=\"239\" src=\"https:\/\/fassipremium.be\/wp-content\/uploads\/2021\/06\/home.png\" class=\"attachment-large size-large\" alt=\"\" loading=\"lazy\" srcset=\"https:\/\/fassipremium.be\/wp-content\/uploads\/2021\/06\/home.png 1024w, https:\/\/fassipremium.be\/wp-content\/uploads\/2021\/06\/home-300x90.png 300w, https:\/\/fassipremium.be\/wp-content\/uploads\/2021\/06\/home-768x230.png 768w, https:\/\/fassipremium.be\/wp-content\/uploads\/2021\/06\/home-600x179.png 600w\" sizes=\"(max-width: 800px) 100vw, 800px\" \/>\t\t\t\t\t\t\t\t\t\t\t\t\t\t<\/div>\n\t\t\t\t\t\t<\/div>\n\t\t\t\t<\/div>\n\t\t\t\t\t\t<\/div>\n\t\t\t\t\t<\/div>\n\t\t<\/div>\n\t\t\t\t<div class=\"elementor-column elementor-col-16 elementor-inner-column elementor-element elementor-element-e17ea5c\" data-id=\"e17ea5c\" data-element_type=\"column\">\n\t\t\t<div class=\"elementor-column-wrap elementor-element-populated\">\n\t\t\t\t\t\t\t<div class=\"elementor-widget-wrap\">\n\t\t\t\t\t\t<div class=\"elementor-element elementor-element-23119a4 elementor-widget elementor-widget-image\" data-id=\"23119a4\" data-element_type=\"widget\" data-widget_type=\"image.default\">\n\t\t\t\t<div class=\"elementor-widget-container\">\n\t\t\t\t\t\t\t\t<div class=\"elementor-image\">\n\t\t\t\t\t\t\t\t\t\t\t\t<img width=\"800\" height=\"239\" src=\"https:\/\/fassipremium.be\/wp-content\/uploads\/2021\/06\/kamar.png\" class=\"attachment-large size-large\" alt=\"\" loading=\"lazy\" srcset=\"https:\/\/fassipremium.be\/wp-content\/uploads\/2021\/06\/kamar.png 1024w, https:\/\/fassipremium.be\/wp-content\/uploads\/2021\/06\/kamar-300x90.png 300w, https:\/\/fassipremium.be\/wp-content\/uploads\/2021\/06\/kamar-768x230.png 768w, https:\/\/fassipremium.be\/wp-content\/uploads\/2021\/06\/kamar-600x179.png 600w\" sizes=\"(max-width: 800px) 100vw, 800px\" \/>\t\t\t\t\t\t\t\t\t\t\t\t\t\t<\/div>\n\t\t\t\t\t\t<\/div>\n\t\t\t\t<\/div>\n\t\t\t\t\t\t<\/div>\n\t\t\t\t\t<\/div>\n\t\t<\/div>\n\t\t\t\t<div class=\"elementor-column elementor-col-16 elementor-inner-column elementor-element elementor-element-3f22b9f\" data-id=\"3f22b9f\" data-element_type=\"column\">\n\t\t\t<div class=\"elementor-column-wrap elementor-element-populated\">\n\t\t\t\t\t\t\t<div class=\"elementor-widget-wrap\">\n\t\t\t\t\t\t<div class=\"elementor-element elementor-element-cb139da elementor-widget elementor-widget-image\" data-id=\"cb139da\" data-element_type=\"widget\" data-widget_type=\"image.default\">\n\t\t\t\t<div class=\"elementor-widget-container\">\n\t\t\t\t\t\t\t\t<div class=\"elementor-image\">\n\t\t\t\t\t\t\t\t\t\t\t\t<img width=\"800\" height=\"239\" src=\"https:\/\/fassipremium.be\/wp-content\/uploads\/2022\/07\/safae.png\" class=\"attachment-large size-large\" alt=\"\" loading=\"lazy\" srcset=\"https:\/\/fassipremium.be\/wp-content\/uploads\/2022\/07\/safae.png 1024w, https:\/\/fassipremium.be\/wp-content\/uploads\/2022\/07\/safae-300x90.png 300w, https:\/\/fassipremium.be\/wp-content\/uploads\/2022\/07\/safae-768x230.png 768w, https:\/\/fassipremium.be\/wp-content\/uploads\/2022\/07\/safae-600x179.png 600w\" sizes=\"(max-width: 800px) 100vw, 800px\" \/>\t\t\t\t\t\t\t\t\t\t\t\t\t\t<\/div>\n\t\t\t\t\t\t<\/div>\n\t\t\t\t<\/div>\n\t\t\t\t\t\t<\/div>\n\t\t\t\t\t<\/div>\n\t\t<\/div>\n\t\t\t\t\t\t\t\t<\/div>\n\t\t\t\t\t<\/div>\n\t\t<\/section>\n\t\t\t\t\t\t<\/div>\n\t\t\t\t\t<\/div>\n\t\t<\/div>\n\t\t\t\t\t\t\t\t<\/div>\n\t\t\t\t\t<\/div>\n\t\t<\/section>\n\t\t\t\t\t\t\t\t\t<\/div>\n\t\t\t<\/div>\n\t\t\t\t\t<\/div>\n\t\t","protected":false},"excerpt":{"rendered":"<p>Votre fournisseur de qualit\u00e9 certifi\u00e9 Halal ! Depuis plus de 23 ans, le m\u00e9tier de charcutier est avant tout une passion. Au fil des ann\u00e9es Fassi Premium a su perfectionner son savoir-faire au profit d&rsquo;une client\u00e8le constamment en demande de produits de qualit\u00e9. Parce que notre force est notre passion, nous vous garantissons le meilleur [&hellip;]<\/p>\n","protected":false},"author":1,"featured_media":0,"parent":0,"menu_order":0,"comment_status":"closed","ping_status":"closed","template":"elementor_header_footer","meta":[],"_links":{"self":[{"href":"https:\/\/fassipremium.be\/index.php?rest_route=\/wp\/v2\/pages\/185"}],"collection":[{"href":"https:\/\/fassipremium.be\/index.php?rest_route=\/wp\/v2\/pages"}],"about":[{"href":"https:\/\/fassipremium.be\/index.php?rest_route=\/wp\/v2\/types\/page"}],"author":[{"embeddable":true,"href":"https:\/\/fassipremium.be\/index.php?rest_route=\/wp\/v2\/users\/1"}],"replies":[{"embeddable":true,"href":"https:\/\/fassipremium.be\/index.php?rest_route=%2Fwp%2Fv2%2Fcomments&post=185"}],"version-history":[{"count":58,"href":"https:\/\/fassipremium.be\/index.php?rest_route=\/wp\/v2\/pages\/185\/revisions"}],"predecessor-version":[{"id":729,"href":"https:\/\/fassipremium.be\/index.php?rest_route=\/wp\/v2\/pages\/185\/revisions\/729"}],"wp:attachment":[{"href":"https:\/\/fassipremium.be\/index.php?rest_route=%2Fwp%2Fv2%2Fmedia&parent=185"}],"curies":[{"name":"wp","href":"https:\/\/api.w.org\/{rel}","templated":true}]}}